{"id":19,"date":"2013-11-16T00:00:00","date_gmt":"2013-11-16T00:00:00","guid":{"rendered":"http:\/\/kats.archi\/index.php\/getting-started\/"},"modified":"2025-09-07T20:39:53","modified_gmt":"2025-09-07T20:39:53","slug":"design","status":"publish","type":"page","link":"https:\/\/kats.archi\/en\/","title":{"rendered":"Home"},"content":{"rendered":"<ul>\n<li>\n<p>        <img decoding=\"async\" src=\"wp-content\/uploads\/slide07-1.jpg\" alt=\"\"><\/p>\n<h1>\n<div class=\"fon2\">Interior Design<\/div>\n<\/h1>\n<\/li>\n<li>\n<p>        <img decoding=\"async\" src=\"wp-content\/uploads\/slide04.jpg\" alt=\"\"><\/p>\n<h1>\n<div class=\"fon2\">Interior Design<\/div>\n<\/h1>\n<div>\n<style type=\"text\/css\">\n.fon2 {\nfont-family: 'Oswald', sans-serif;\ndisplay:inline-block;\ncolor:#333;\nfont-size:16px;\nbackground-color:rgba(255,255,255,.4);\npadding:10px 20px;\nborder-radius: 10px;\n}\n<\/style>\n<\/div>\n<\/li>\n<li>\n<p>        <img decoding=\"async\" src=\"wp-content\/uploads\/slide03.jpg\" alt=\"\"><\/p>\n<div>\n<h4>\n<div class=\"fon2\">Architect - Alexander Katsymon<\/div>\n<\/h4>\n<\/div>\n<\/li>\n<li>\n<p>        <img decoding=\"async\" src=\"wp-content\/uploads\/slide01.jpg\" alt=\"\"><\/p>\n<div>\n<h4>\n<div class=\"fon2\">design studio \"Kats.Archi\"<\/div>\n<\/h4>\n<\/div>\n<\/li>\n<\/ul>\n<p><\/p>","protected":false},"excerpt":{"rendered":"<p>\u0414\u0438\u0437\u0430\u0439\u043d \u0438\u043d\u0442\u0435\u0440\u044c\u0435\u0440\u0430 \u0414\u0438\u0437\u0430\u0439\u043d \u0438\u043d\u0442\u0435\u0440\u044c\u0435\u0440\u0430 \u0410\u0440\u0445\u0438\u0442\u0435\u043a\u0442\u043e\u0440 \u2013 \u0410\u043b\u0435\u043a\u0441\u0430\u043d\u0434\u0440 \u041a\u0430\u0446\u044b\u043c\u043e\u043d \u0434\u0438\u0437\u0430\u0439\u043d \u0441\u0442\u0443\u0434\u0438\u044f \u00abKats.Archi\u00bb<\/p>","protected":false},"author":1,"featured_media":0,"parent":0,"menu_order":0,"comment_status":"closed","ping_status":"closed","template":"","meta":{"footnotes":""},"class_list":["post-19","page","type-page","status-publish","hentry"],"yoast_head":"\n<title>Arquitecto Alexander Katsymon. - \u0414\u0438\u0437\u0430\u0439\u043d \u0438\u043d\u0442\u0435\u0440\u044c\u0435\u0440\u0430 \u0432 \u041a\u0438\u0435\u0432\u0435<\/title>\n<meta name=\"description\" content=\"Llevo unos diecis\u00e9is a\u00f1os dedic\u00e1ndome a la arquitectura y el dise\u00f1o de interiores, y en 2009 fund\u00e9 el estudio \u00abKats.Archi\u00bb, donde reun\u00ed a un equipo de dise\u00f1adores muy unido.\" \/>\n<meta name=\"robots\" content=\"index, follow, max-snippet:-1, max-image-preview:large, max-video-preview:-1\" \/>\n<link rel=\"canonical\" href=\"https:\/\/kats.archi\/en\/\" \/>\n<meta property=\"og:locale\" content=\"en_US\" \/>\n<meta property=\"og:type\" content=\"article\" \/>\n<meta property=\"og:title\" content=\"Arquitecto Alexander Katsymon. - \u0414\u0438\u0437\u0430\u0439\u043d \u0438\u043d\u0442\u0435\u0440\u044c\u0435\u0440\u0430 \u0432 \u041a\u0438\u0435\u0432\u0435\" \/>\n<meta property=\"og:description\" content=\"Llevo unos diecis\u00e9is a\u00f1os dedic\u00e1ndome a la arquitectura y el dise\u00f1o de interiores, y en 2009 fund\u00e9 el estudio \u00abKats.Archi\u00bb, donde reun\u00ed a un equipo de dise\u00f1adores muy unido.\" \/>\n<meta property=\"og:url\" content=\"https:\/\/kats.archi\/en\/\" \/>\n<meta property=\"og:site_name\" content=\"Arquitecto Alexander Katsymon.\" \/>\n<meta property=\"article:publisher\" content=\"http:\/\/kats.archi\" \/>\n<meta property=\"article:modified_time\" content=\"2025-09-07T20:39:53+00:00\" \/>\n<meta name=\"twitter:card\" content=\"summary_large_image\" \/>\n<meta name=\"twitter:label1\" content=\"Est. reading time\" \/>\n\t<meta name=\"twitter:data1\" content=\"1 minute\" \/>\n<script type=\"application\/ld+json\" class=\"yoast-schema-graph\">{\"@context\":\"https:\/\/schema.org\",\"@graph\":[{\"@type\":\"WebPage\",\"@id\":\"https:\/\/kats.archi\/\",\"url\":\"https:\/\/kats.archi\/\",\"name\":\"Arquitecto Alexander Katsymon. - \u0414\u0438\u0437\u0430\u0439\u043d \u0438\u043d\u0442\u0435\u0440\u044c\u0435\u0440\u0430 \u0432 \u041a\u0438\u0435\u0432\u0435\",\"isPartOf\":{\"@id\":\"https:\/\/kats.archi\/#website\"},\"datePublished\":\"2013-11-16T00:00:00+00:00\",\"dateModified\":\"2025-09-07T20:39:53+00:00\",\"description\":\"Llevo unos diecis\u00e9is a\u00f1os dedic\u00e1ndome a la arquitectura y el dise\u00f1o de interiores, y en 2009 fund\u00e9 el estudio \u00abKats.Archi\u00bb, donde reun\u00ed a un equipo de dise\u00f1adores muy unido.\",\"breadcrumb\":{\"@id\":\"https:\/\/kats.archi\/#breadcrumb\"},\"inLanguage\":\"en-US\",\"potentialAction\":[{\"@type\":\"ReadAction\",\"target\":[\"https:\/\/kats.archi\/\"]}]},{\"@type\":\"BreadcrumbList\",\"@id\":\"https:\/\/kats.archi\/#breadcrumb\",\"itemListElement\":[{\"@type\":\"ListItem\",\"position\":1,\"name\":\"\u0413\u043b\u0430\u0432\u043d\u0430\u044f \u0441\u0442\u0440\u0430\u043d\u0438\u0446\u0430\",\"item\":\"https:\/\/kats.archi\/\"},{\"@type\":\"ListItem\",\"position\":2,\"name\":\"\u0413\u043b\u0430\u0432\u043d\u0430\u044f\"}]},{\"@type\":\"WebSite\",\"@id\":\"https:\/\/kats.archi\/#website\",\"url\":\"https:\/\/kats.archi\/\",\"name\":\"Arquitecto Alexander Katsymon.\",\"description\":\"Llevo unos diecis\u00e9is a\u00f1os dedic\u00e1ndome a la arquitectura y el dise\u00f1o de interiores, y en 2009 fund\u00e9 el estudio \u00abKats-design\u00bb, donde reun\u00ed a un equipo muy unido.\",\"potentialAction\":[{\"@type\":\"SearchAction\",\"target\":{\"@type\":\"EntryPoint\",\"urlTemplate\":\"https:\/\/kats.archi\/?s={search_term_string}\"},\"query-input\":{\"@type\":\"PropertyValueSpecification\",\"valueRequired\":true,\"valueName\":\"search_term_string\"}}],\"inLanguage\":\"en-US\"}]}<\/script>\n","yoast_head_json":{"title":"Arquitecto Alexander Katsymon. - \u0414\u0438\u0437\u0430\u0439\u043d \u0438\u043d\u0442\u0435\u0440\u044c\u0435\u0440\u0430 \u0432 \u041a\u0438\u0435\u0432\u0435","description":"Llevo unos diecis\u00e9is a\u00f1os dedic\u00e1ndome a la arquitectura y el dise\u00f1o de interiores, y en 2009 fund\u00e9 el estudio \u00abKats.Archi\u00bb, donde reun\u00ed a un equipo de dise\u00f1adores muy unido.","robots":{"index":"index","follow":"follow","max-snippet":"max-snippet:-1","max-image-preview":"max-image-preview:large","max-video-preview":"max-video-preview:-1"},"canonical":"https:\/\/kats.archi\/en\/","og_locale":"en_US","og_type":"article","og_title":"Arquitecto Alexander Katsymon. - \u0414\u0438\u0437\u0430\u0439\u043d \u0438\u043d\u0442\u0435\u0440\u044c\u0435\u0440\u0430 \u0432 \u041a\u0438\u0435\u0432\u0435","og_description":"Llevo unos diecis\u00e9is a\u00f1os dedic\u00e1ndome a la arquitectura y el dise\u00f1o de interiores, y en 2009 fund\u00e9 el estudio \u00abKats.Archi\u00bb, donde reun\u00ed a un equipo de dise\u00f1adores muy unido.","og_url":"https:\/\/kats.archi\/en\/","og_site_name":"Arquitecto Alexander Katsymon.","article_publisher":"http:\/\/kats.archi","article_modified_time":"2025-09-07T20:39:53+00:00","twitter_card":"summary_large_image","twitter_misc":{"Est. reading time":"1 minute"},"schema":{"@context":"https:\/\/schema.org","@graph":[{"@type":"WebPage","@id":"https:\/\/kats.archi\/","url":"https:\/\/kats.archi\/","name":"Arquitecto Alexander Katsymon. - \u0414\u0438\u0437\u0430\u0439\u043d \u0438\u043d\u0442\u0435\u0440\u044c\u0435\u0440\u0430 \u0432 \u041a\u0438\u0435\u0432\u0435","isPartOf":{"@id":"https:\/\/kats.archi\/#website"},"datePublished":"2013-11-16T00:00:00+00:00","dateModified":"2025-09-07T20:39:53+00:00","description":"Llevo unos diecis\u00e9is a\u00f1os dedic\u00e1ndome a la arquitectura y el dise\u00f1o de interiores, y en 2009 fund\u00e9 el estudio \u00abKats.Archi\u00bb, donde reun\u00ed a un equipo de dise\u00f1adores muy unido.","breadcrumb":{"@id":"https:\/\/kats.archi\/#breadcrumb"},"inLanguage":"en-US","potentialAction":[{"@type":"ReadAction","target":["https:\/\/kats.archi\/"]}]},{"@type":"BreadcrumbList","@id":"https:\/\/kats.archi\/#breadcrumb","itemListElement":[{"@type":"ListItem","position":1,"name":"\u0413\u043b\u0430\u0432\u043d\u0430\u044f \u0441\u0442\u0440\u0430\u043d\u0438\u0446\u0430","item":"https:\/\/kats.archi\/"},{"@type":"ListItem","position":2,"name":"\u0413\u043b\u0430\u0432\u043d\u0430\u044f"}]},{"@type":"WebSite","@id":"https:\/\/kats.archi\/#website","url":"https:\/\/kats.archi\/","name":"Arquitecto Alexander Katsymon.","description":"Llevo unos diecis\u00e9is a\u00f1os dedic\u00e1ndome a la arquitectura y el dise\u00f1o de interiores, y en 2009 fund\u00e9 el estudio \u00abKats-design\u00bb, donde reun\u00ed a un equipo muy unido.","potentialAction":[{"@type":"SearchAction","target":{"@type":"EntryPoint","urlTemplate":"https:\/\/kats.archi\/?s={search_term_string}"},"query-input":{"@type":"PropertyValueSpecification","valueRequired":true,"valueName":"search_term_string"}}],"inLanguage":"en-US"}]}},"_links":{"self":[{"href":"https:\/\/kats.archi\/en\/wp-json\/wp\/v2\/pages\/19"}],"collection":[{"href":"https:\/\/kats.archi\/en\/wp-json\/wp\/v2\/pages"}],"about":[{"href":"https:\/\/kats.archi\/en\/wp-json\/wp\/v2\/types\/page"}],"author":[{"embeddable":true,"href":"https:\/\/kats.archi\/en\/wp-json\/wp\/v2\/users\/1"}],"replies":[{"embeddable":true,"href":"https:\/\/kats.archi\/en\/wp-json\/wp\/v2\/comments?post=19"}],"version-history":[{"count":109,"href":"https:\/\/kats.archi\/en\/wp-json\/wp\/v2\/pages\/19\/revisions"}],"predecessor-version":[{"id":6604,"href":"https:\/\/kats.archi\/en\/wp-json\/wp\/v2\/pages\/19\/revisions\/6604"}],"wp:attachment":[{"href":"https:\/\/kats.archi\/en\/wp-json\/wp\/v2\/media?parent=19"}],"curies":[{"name":"wp","href":"https:\/\/api.w.org\/{rel}","templated":true}]}}