{"id":20,"date":"2016-09-13T13:10:15","date_gmt":"2016-09-13T13:10:15","guid":{"rendered":"http:\/\/kats.archi\/index.php?page_id=20"},"modified":"2024-09-01T12:58:58","modified_gmt":"2024-09-01T12:58:58","slug":"contacts","status":"publish","type":"page","link":"https:\/\/kats.archi\/uk\/contacts\/","title":{"rendered":"\u041a\u043e\u043d\u0442\u0430\u043a\u0442\u0438"},"content":{"rendered":"<h1>\u041a\u043e\u043d\u0442\u0430\u043a\u0442\u0438<\/h1>\n<div>\n<h3>\u00abKats.Archi\u00bb<\/h3>\n<div>\n<p>Commercial Local 21A, Calle Jesus Puente, urb. Las Terazzas de Banus, Puerto Banus, (Marbella), 29660<\/p>\n<\/p>\n<\/div>\n<p>36.4881,-4.9545<\/p>\n<\/div>\n<ul>\n<li>\n<div>\n<p><strong>\u00abKats.Archi\u00bb<\/strong><\/p>\n<\/div>\n<\/li>\n<li>\n<div>\n<p>Spain<\/p>\n<\/div>\n<\/li>\n<li>\n<div>\n<p>Commercial Local 21A, Calle Jesus Puente, urb. Las Terazzas de Banus, Puerto Banus, (Marbella), 29660<\/p>\n<\/div>\n<\/li>\n<\/ul>\n<ul>\n<li>\n<div>\n<p>\u0422\u0435\u043b: <a href=\"tel:+34664152303\">+34 664 152 303<\/a><\/p>\n<\/div>\n<\/li>\n<li>\n<div>e-mail: <a href=\"mailto:katsymon.a@gmail.com\">katsymon.a@gmail.com<\/a><\/div>\n<\/li>\n<\/ul>\n<ul>\n<li><a href=\"https:\/\/www.instagram.com\/kats.archi\/\">instagram<\/a><\/li>\n<li><a href=\"https:\/\/www.facebook.com\/kats.archi\">facebook<\/a><\/li>\n<li><a href=\"https:\/\/www.pinterest.com\/KatsArchi\/\">pinterest<\/a><\/li>\n<li><a href=\"https:\/\/www.behance.net\/katsymonac6ef  \">behance<\/a><\/li>\n<\/ul>\n<p><\/p>","protected":false},"excerpt":{"rendered":"<p>\u041a\u043e\u043d\u0442\u0430\u043a\u0442\u044b \u00abKats.Archi\u00bb Commercial Local 21A, Calle Jesus Puente, urb. Las Terazzas de Banus, Puerto Banus, (Marbella), 29660 36.4881,-4.9545 \u00abKats.Archi\u00bb Spain Commercial Local 21A, Calle Jesus Puente, urb. Las Terazzas de Banus, Puerto Banus, (Marbella), 29660 \u0422\u0435\u043b: +34 664 152 303 e-mail: katsymon.a@gmail.com instagram facebook pinterest behance<\/p>","protected":false},"author":1,"featured_media":0,"parent":0,"menu_order":1,"comment_status":"closed","ping_status":"closed","template":"","meta":{"footnotes":""},"class_list":["post-20","page","type-page","status-publish","hentry"],"yoast_head":"\n<title>\u041a\u043e\u043d\u0442\u0430\u043a\u0442\u044b - Arquitecto Alexander Katsymon.<\/title>\n<meta name=\"robots\" content=\"index, follow, max-snippet:-1, max-image-preview:large, max-video-preview:-1\" \/>\n<link rel=\"canonical\" href=\"https:\/\/kats.archi\/uk\/contacts\/\" \/>\n<meta property=\"og:locale\" content=\"uk_UA\" \/>\n<meta property=\"og:type\" content=\"article\" \/>\n<meta property=\"og:title\" content=\"\u041a\u043e\u043d\u0442\u0430\u043a\u0442\u044b - Arquitecto Alexander Katsymon.\" \/>\n<meta property=\"og:description\" content=\"\u041a\u043e\u043d\u0442\u0430\u043a\u0442\u044b \u00abKats.Archi\u00bb Commercial Local 21A, Calle Jesus Puente, urb. Las Terazzas de Banus, Puerto Banus, (Marbella), 29660 36.4881,-4.9545 \u00abKats.Archi\u00bb Spain Commercial Local 21A, Calle Jesus Puente, urb. Las Terazzas de Banus, Puerto Banus, (Marbella), 29660 \u0422\u0435\u043b: +34 664 152 303 e-mail: katsymon.a@gmail.com instagram facebook pinterest behance\" \/>\n<meta property=\"og:url\" content=\"https:\/\/kats.archi\/uk\/contacts\/\" \/>\n<meta property=\"og:site_name\" content=\"Arquitecto Alexander Katsymon.\" \/>\n<meta property=\"article:publisher\" content=\"http:\/\/kats.archi\" \/>\n<meta property=\"article:modified_time\" content=\"2024-09-01T12:58:58+00:00\" \/>\n<meta name=\"twitter:card\" content=\"summary_large_image\" \/>\n<script type=\"application\/ld+json\" class=\"yoast-schema-graph\">{\"@context\":\"https:\/\/schema.org\",\"@graph\":[{\"@type\":\"WebPage\",\"@id\":\"https:\/\/kats.archi\/contacts\/\",\"url\":\"https:\/\/kats.archi\/contacts\/\",\"name\":\"\u041a\u043e\u043d\u0442\u0430\u043a\u0442\u044b - Arquitecto Alexander Katsymon.\",\"isPartOf\":{\"@id\":\"https:\/\/kats.archi\/#website\"},\"datePublished\":\"2016-09-13T13:10:15+00:00\",\"dateModified\":\"2024-09-01T12:58:58+00:00\",\"breadcrumb\":{\"@id\":\"https:\/\/kats.archi\/contacts\/#breadcrumb\"},\"inLanguage\":\"uk\",\"potentialAction\":[{\"@type\":\"ReadAction\",\"target\":[\"https:\/\/kats.archi\/contacts\/\"]}]},{\"@type\":\"BreadcrumbList\",\"@id\":\"https:\/\/kats.archi\/contacts\/#breadcrumb\",\"itemListElement\":[{\"@type\":\"ListItem\",\"position\":1,\"name\":\"\u0413\u043b\u0430\u0432\u043d\u0430\u044f \u0441\u0442\u0440\u0430\u043d\u0438\u0446\u0430\",\"item\":\"https:\/\/kats.archi\/\"},{\"@type\":\"ListItem\",\"position\":2,\"name\":\"\u041a\u043e\u043d\u0442\u0430\u043a\u0442\u044b\"}]},{\"@type\":\"WebSite\",\"@id\":\"https:\/\/kats.archi\/#website\",\"url\":\"https:\/\/kats.archi\/\",\"name\":\"Arquitecto Alexander Katsymon.\",\"description\":\"Llevo unos diecis\u00e9is a\u00f1os dedic\u00e1ndome a la arquitectura y el dise\u00f1o de interiores, y en 2009 fund\u00e9 el estudio \u00abKats-design\u00bb, donde reun\u00ed a un equipo muy unido.\",\"potentialAction\":[{\"@type\":\"SearchAction\",\"target\":{\"@type\":\"EntryPoint\",\"urlTemplate\":\"https:\/\/kats.archi\/?s={search_term_string}\"},\"query-input\":{\"@type\":\"PropertyValueSpecification\",\"valueRequired\":true,\"valueName\":\"search_term_string\"}}],\"inLanguage\":\"uk\"}]}<\/script>\n","yoast_head_json":{"title":"\u041a\u043e\u043d\u0442\u0430\u043a\u0442\u044b - Arquitecto Alexander Katsymon.","robots":{"index":"index","follow":"follow","max-snippet":"max-snippet:-1","max-image-preview":"max-image-preview:large","max-video-preview":"max-video-preview:-1"},"canonical":"https:\/\/kats.archi\/uk\/contacts\/","og_locale":"uk_UA","og_type":"article","og_title":"\u041a\u043e\u043d\u0442\u0430\u043a\u0442\u044b - Arquitecto Alexander Katsymon.","og_description":"\u041a\u043e\u043d\u0442\u0430\u043a\u0442\u044b \u00abKats.Archi\u00bb Commercial Local 21A, Calle Jesus Puente, urb. Las Terazzas de Banus, Puerto Banus, (Marbella), 29660 36.4881,-4.9545 \u00abKats.Archi\u00bb Spain Commercial Local 21A, Calle Jesus Puente, urb. Las Terazzas de Banus, Puerto Banus, (Marbella), 29660 \u0422\u0435\u043b: +34 664 152 303 e-mail: katsymon.a@gmail.com instagram facebook pinterest behance","og_url":"https:\/\/kats.archi\/uk\/contacts\/","og_site_name":"Arquitecto Alexander Katsymon.","article_publisher":"http:\/\/kats.archi","article_modified_time":"2024-09-01T12:58:58+00:00","twitter_card":"summary_large_image","schema":{"@context":"https:\/\/schema.org","@graph":[{"@type":"WebPage","@id":"https:\/\/kats.archi\/contacts\/","url":"https:\/\/kats.archi\/contacts\/","name":"\u041a\u043e\u043d\u0442\u0430\u043a\u0442\u044b - Arquitecto Alexander Katsymon.","isPartOf":{"@id":"https:\/\/kats.archi\/#website"},"datePublished":"2016-09-13T13:10:15+00:00","dateModified":"2024-09-01T12:58:58+00:00","breadcrumb":{"@id":"https:\/\/kats.archi\/contacts\/#breadcrumb"},"inLanguage":"uk","potentialAction":[{"@type":"ReadAction","target":["https:\/\/kats.archi\/contacts\/"]}]},{"@type":"BreadcrumbList","@id":"https:\/\/kats.archi\/contacts\/#breadcrumb","itemListElement":[{"@type":"ListItem","position":1,"name":"\u0413\u043b\u0430\u0432\u043d\u0430\u044f \u0441\u0442\u0440\u0430\u043d\u0438\u0446\u0430","item":"https:\/\/kats.archi\/"},{"@type":"ListItem","position":2,"name":"\u041a\u043e\u043d\u0442\u0430\u043a\u0442\u044b"}]},{"@type":"WebSite","@id":"https:\/\/kats.archi\/#website","url":"https:\/\/kats.archi\/","name":"Arquitecto Alexander Katsymon.","description":"Llevo unos diecis\u00e9is a\u00f1os dedic\u00e1ndome a la arquitectura y el dise\u00f1o de interiores, y en 2009 fund\u00e9 el estudio \u00abKats-design\u00bb, donde reun\u00ed a un equipo muy unido.","potentialAction":[{"@type":"SearchAction","target":{"@type":"EntryPoint","urlTemplate":"https:\/\/kats.archi\/?s={search_term_string}"},"query-input":{"@type":"PropertyValueSpecification","valueRequired":true,"valueName":"search_term_string"}}],"inLanguage":"uk"}]}},"_links":{"self":[{"href":"https:\/\/kats.archi\/uk\/wp-json\/wp\/v2\/pages\/20"}],"collection":[{"href":"https:\/\/kats.archi\/uk\/wp-json\/wp\/v2\/pages"}],"about":[{"href":"https:\/\/kats.archi\/uk\/wp-json\/wp\/v2\/types\/page"}],"author":[{"embeddable":true,"href":"https:\/\/kats.archi\/uk\/wp-json\/wp\/v2\/users\/1"}],"replies":[{"embeddable":true,"href":"https:\/\/kats.archi\/uk\/wp-json\/wp\/v2\/comments?post=20"}],"version-history":[{"count":57,"href":"https:\/\/kats.archi\/uk\/wp-json\/wp\/v2\/pages\/20\/revisions"}],"predecessor-version":[{"id":6226,"href":"https:\/\/kats.archi\/uk\/wp-json\/wp\/v2\/pages\/20\/revisions\/6226"}],"wp:attachment":[{"href":"https:\/\/kats.archi\/uk\/wp-json\/wp\/v2\/media?parent=20"}],"curies":[{"name":"wp","href":"https:\/\/api.w.org\/{rel}","templated":true}]}}