{"id":22,"date":"2016-09-13T13:16:23","date_gmt":"2016-09-13T13:16:23","guid":{"rendered":"http:\/\/kats.archi\/index.php\/about\/"},"modified":"2021-07-09T13:16:24","modified_gmt":"2021-07-09T13:16:24","slug":"about","status":"publish","type":"page","link":"https:\/\/kats.archi\/uk\/about\/","title":{"rendered":"\u041f\u0440\u043e \u043d\u0430\u0441"},"content":{"rendered":"<h1>\u0410\u0440\u0445\u0456\u0442\u0435\u043a\u0442\u043e\u0440 \u2013 \u041e\u043b\u0435\u043a\u0441\u0430\u043d\u0434\u0440 \u041a\u0430\u0446\u0438\u043c\u043e\u043d<\/h1>\n<div>\n<p>\u041d\u0430\u0440\u043e\u0434\u0438\u0432\u0441\u044f \u0443 \u041a\u0438\u0454\u0432\u0456 1983 \u0440\u043e\u043a\u0443. \u0417\u0430\u043a\u0456\u043d\u0447\u0438\u0432 \u041a\u0406\u0421\u0414 (\u041a\u0438\u0457\u0432\u0441\u044c\u043a\u0438\u0439 \u0430\u0440\u0445\u0456\u0442\u0435\u043a\u0442\u0443\u0440\u043d\u043e-\u0431\u0443\u0434\u0456\u0432\u0435\u043b\u044c\u043d\u0438\u0439 \u0443\u043d\u0456\u0432\u0435\u0440\u0441\u0438\u0442\u0435\u0442), \u043a\u0430\u0444\u0435\u0434\u0440\u0430 \u0430\u0440\u0445\u0456\u0442\u0435\u043a\u0442\u0443\u0440\u0438. \u0411\u043b\u0438\u0437\u044c\u043a\u043e \u0434\u0435\u0441\u044f\u0442\u0438 \u0440\u043e\u043a\u0456\u0432 \u0437\u0430\u0439\u043c\u0430\u044e\u0441\u044f \u0430\u0440\u0445\u0456\u0442\u0435\u043a\u0442\u0443\u0440\u043e\u044e \u0442\u0430 \u0434\u0438\u0437\u0430\u0439\u043d\u043e\u043c \u0456\u043d\u0442\u0435\u0440'\u0454\u0440\u0443, \u0430 \u0437 2009 \u0440\u043e\u043a\u0443 \u043e\u0440\u0433\u0430\u043d\u0456\u0437\u0443\u0432\u0430\u0432 \u0441\u0442\u0443\u0434\u0456\u044e \u00abKats.Archi\u00bb, \u0434\u0435 \u0437\u0456\u0431\u0440\u0430\u0432\u0441\u044f \u0434\u0440\u0443\u0436\u043d\u0456\u0439 \u043a\u043e\u043b\u0435\u043a\u0442\u0438\u0432 \u0442\u0430\u043b\u0430\u043d\u043e\u0432\u0438\u0442\u0438\u0445 \u0442\u0430 \u043f\u0440\u043e\u0444\u0435\u0441\u0456\u0439\u043d\u0438\u0445 \u0434\u0438\u0437\u0430\u0439\u043d\u0435\u0440\u0456\u0432. \u041f\u0435\u0440\u0435\u043a\u043e\u043d\u0430\u043d\u0438\u0439, \u0449\u043e \u0443\u0441\u043f\u0456\u0445 \u043f\u0440\u043e\u0435\u043a\u0442\u0443 \u2013 \u043d\u0435 \u043b\u0438\u0448\u0435 \u0442\u043e\u0447\u043d\u0456 \u0430\u0440\u0445\u0456\u0442\u0435\u043a\u0442\u0443\u0440\u043d\u0456 \u043b\u0456\u043d\u0456\u0457 \u0442\u0430 \u043e\u0431\u0440\u0430\u0437\u0438, \u0430 \u0439 \u0442\u0456 \u043d\u043e\u0442\u043a\u0438 \u0456\u043d\u0434\u0438\u0432\u0456\u0434\u0443\u0430\u043b\u044c\u043d\u043e\u0441\u0442\u0456, \u0435\u043a\u0441\u043a\u043b\u044e\u0437\u0438\u0432\u043d\u043e\u0441\u0442\u0456, \u0441\u0432\u043e\u0454\u0440\u0456\u0434\u043d\u043e\u0441\u0442\u0456, \u044f\u043a\u0456 \u044f \u0440\u0435\u0442\u0435\u043b\u044c\u043d\u043e \u043f\u0456\u0434\u0431\u0438\u0440\u0430\u044e \u043f\u0456\u0434 \u0445\u0430\u0440\u0430\u043a\u0442\u0435\u0440, \u0441\u043f\u043e\u0441\u0456\u0431 \u0436\u0438\u0442\u0442\u044f, \u0441\u0432\u0456\u0442\u043e\u0432\u0456\u0434\u0447\u0443\u0442\u0442\u044f \u043a\u043e\u0436\u043d\u043e\u0433\u043e \u043a\u043b\u0456\u0454\u043d\u0442\u0430.<\/p>\n<p>\u041f\u0440\u043e\u0444\u0435\u0441\u0456\u0439\u043d\u0438\u0439 \u0434\u043e\u0441\u0432\u0456\u0434 \u0443 \u0433\u0430\u043b\u0443\u0437\u0456 \u0434\u0438\u0437\u0430\u0439\u043d\u0443 \u0456\u043d\u0442\u0435\u0440'\u0454\u0440\u0443 \u0442\u0430 \u0440\u0435\u043c\u043e\u043d\u0442\u0443, \u043d\u0435\u0444\u043e\u0440\u043c\u0430\u043b\u044c\u043d\u0435 \u0441\u0442\u0430\u0432\u043b\u0435\u043d\u043d\u044f \u0434\u043e \u043f\u0440\u043e\u0435\u043a\u0442\u0443 \u0432 \u0440\u0435\u0437\u0443\u043b\u044c\u0442\u0430\u0442\u0456 \u0434\u0430\u0454 \u0440\u0435\u0437\u0443\u043b\u044c\u0442\u0430\u0442 \u2013 \u043a\u043e\u043c\u0444\u043e\u0440\u0442\u043d\u0438\u0439 \u0456\u043d\u0442\u0435\u0440'\u0454\u0440, \u0441\u0442\u0438\u043b\u0456\u0441\u0442\u0438\u0447\u043d\u043e \u0432\u0438\u0442\u0440\u0438\u043c\u0430\u043d\u0438\u0439 \u0444\u0443\u043d\u043a\u0446\u0456\u043e\u043d\u0430\u043b\u044c\u043d\u0438\u0439 \u043f\u0440\u043e\u0441\u0442\u0456\u0440, \u0434\u0435 \u043a\u043e\u0436\u043d\u0435 \u0434\u0438\u0437\u0430\u0439\u043d\u0435\u0440\u0441\u044c\u043a\u0435 \u0440\u0456\u0448\u0435\u043d\u043d\u044f \u0432\u0438\u043f\u0440\u0430\u0432\u0434\u0430\u043d\u0435 \u0435\u0441\u0442\u0435\u0442\u0438\u0447\u043d\u043e \u0442\u0430 \u0444\u0443\u043d\u043a\u0446\u0456\u043e\u043d\u0430\u043b\u044c\u043d\u043e.<\/p>\n<\/div>\n<p><img decoding=\"async\" src=\"wp-content\/uploads\/\u0410\u0440\u0445\u0438\u0442\u0435\u043a\u0442\u043e\u0440-\u0410\u043b\u0435\u043a\u0441\u0430\u043d\u0434\u0440-\u041a\u0430\u0446\u044b\u043c\u043e\u043d.jpg\" alt=\"\"><\/p>\n<h1>\n<blockquote><p>\u0414\u0438\u0437\u0430\u0439\u043d \u2013 \u0446\u0435 \u043c\u0438\u0441\u0442\u0435\u0446\u0442\u0432\u043e \u043f\u043e\u0454\u0434\u043d\u0443\u0432\u0430\u0442\u0438 \u0444\u0443\u043d\u043a\u0446\u0456\u043e\u043d\u0430\u043b\u044c\u043d\u0456\u0441\u0442\u044c \u0456\u0437 \u0435\u0441\u0442\u0435\u0442\u0438\u043a\u043e\u044e<\/p><\/blockquote>\n<\/h1>\n<p><iframe src=\"https:\/\/youtu.be\/jaz9SUwJCh4\"><\/iframe><\/p>\n<p><\/p>","protected":false},"excerpt":{"rendered":"<p>\u0410\u0440\u0445\u0438\u0442\u0435\u043a\u0442\u043e\u0440 \u2013 \u0410\u043b\u0435\u043a\u0441\u0430\u043d\u0434\u0440 \u041a\u0430\u0446\u044b\u043c\u043e\u043d \u0420\u043e\u0434\u0438\u043b\u0441\u044f \u0432 \u041a\u0438\u0435\u0432\u0435 \u0432 1983 \u0433\u043e\u0434\u0443. \u0417\u0430\u043a\u043e\u043d\u0447\u0438\u043b \u041a\u0418\u0421\u0418 (\u041a\u0438\u0435\u0432\u0441\u043a\u0438\u0439 \u0430\u0440\u0445\u0438\u0442\u0435\u043a\u0442\u0443\u0440\u043d\u043e-\u0441\u0442\u0440\u043e\u0438\u0442\u0435\u043b\u044c\u043d\u044b\u0439 \u0443\u043d\u0438\u0432\u0435\u0440\u0441\u0438\u0442\u0435\u0442), \u043a\u0430\u0444\u0435\u0434\u0440\u0430 \u0430\u0440\u0445\u0438\u0442\u0435\u043a\u0442\u0443\u0440\u044b. \u041e\u043a\u043e\u043b\u043e \u0434\u0435\u0441\u044f\u0442\u0438 \u043b\u0435\u0442 \u0437\u0430\u043d\u0438\u043c\u0430\u044e\u0441\u044c \u0430\u0440\u0445\u0438\u0442\u0435\u043a\u0442\u0443\u0440\u043e\u0439 \u0438 \u0434\u0438\u0437\u0430\u0439\u043d\u043e\u043c \u0438\u043d\u0442\u0435\u0440\u044c\u0435\u0440\u0430, \u0430 \u0441 2009 \u0433\u043e\u0434\u0430 \u043e\u0440\u0433\u0430\u043d\u0438\u0437\u043e\u0432\u0430\u043b \u0441\u0442\u0443\u0434\u0438\u044e \u00abKats.Archi\u00bb, \u0433\u0434\u0435 \u0441\u043e\u0431\u0440\u0430\u043b\u0441\u044f \u0434\u0440\u0443\u0436\u043d\u044b\u0439 \u043a\u043e\u043b\u043b\u0435\u043a\u0442\u0438\u0432 \u0442\u0430\u043b\u0430\u043d\u0442\u043b\u0438\u0432\u044b\u0445 \u0438 \u043f\u0440\u043e\u0444\u0435\u0441\u0441\u0438\u043e\u043d\u0430\u043b\u044c\u043d\u044b\u0445 \u0434\u0438\u0437\u0430\u0439\u043d\u0435\u0440\u043e\u0432. \u0423\u0431\u0435\u0436\u0434\u0435\u043d, \u0447\u0442\u043e \u0443\u0441\u043f\u0435\u0445 \u043f\u0440\u043e\u0435\u043a\u0442\u0430 \u2013 \u043d\u0435 \u0442\u043e\u043b\u044c\u043a\u043e \u0442\u043e\u0447\u043d\u044b\u0435 \u0430\u0440\u0445\u0438\u0442\u0435\u043a\u0442\u0443\u0440\u043d\u044b\u0435 \u043b\u0438\u043d\u0438\u0438 \u0438 \u043e\u0431\u0440\u0430\u0437\u044b, \u043d\u043e \u0438 \u0442\u0435 [&hellip;]<\/p>","protected":false},"author":1,"featured_media":0,"parent":0,"menu_order":3,"comment_status":"closed","ping_status":"closed","template":"","meta":{"footnotes":""},"class_list":["post-22","page","type-page","status-publish","hentry"],"yoast_head":"\n<title>\u041e \u043d\u0430\u0441 - Arquitecto Alexander Katsymon.<\/title>\n<meta name=\"robots\" content=\"index, follow, max-snippet:-1, max-image-preview:large, max-video-preview:-1\" \/>\n<link rel=\"canonical\" href=\"https:\/\/kats.archi\/uk\/about\/\" \/>\n<meta property=\"og:locale\" content=\"uk_UA\" \/>\n<meta property=\"og:type\" content=\"article\" \/>\n<meta property=\"og:title\" content=\"\u041e \u043d\u0430\u0441 - Arquitecto Alexander Katsymon.\" \/>\n<meta property=\"og:description\" content=\"\u0410\u0440\u0445\u0438\u0442\u0435\u043a\u0442\u043e\u0440 \u2013 \u0410\u043b\u0435\u043a\u0441\u0430\u043d\u0434\u0440 \u041a\u0430\u0446\u044b\u043c\u043e\u043d \u0420\u043e\u0434\u0438\u043b\u0441\u044f \u0432 \u041a\u0438\u0435\u0432\u0435 \u0432 1983 \u0433\u043e\u0434\u0443. \u0417\u0430\u043a\u043e\u043d\u0447\u0438\u043b \u041a\u0418\u0421\u0418 (\u041a\u0438\u0435\u0432\u0441\u043a\u0438\u0439 \u0430\u0440\u0445\u0438\u0442\u0435\u043a\u0442\u0443\u0440\u043d\u043e-\u0441\u0442\u0440\u043e\u0438\u0442\u0435\u043b\u044c\u043d\u044b\u0439 \u0443\u043d\u0438\u0432\u0435\u0440\u0441\u0438\u0442\u0435\u0442), \u043a\u0430\u0444\u0435\u0434\u0440\u0430 \u0430\u0440\u0445\u0438\u0442\u0435\u043a\u0442\u0443\u0440\u044b. \u041e\u043a\u043e\u043b\u043e \u0434\u0435\u0441\u044f\u0442\u0438 \u043b\u0435\u0442 \u0437\u0430\u043d\u0438\u043c\u0430\u044e\u0441\u044c \u0430\u0440\u0445\u0438\u0442\u0435\u043a\u0442\u0443\u0440\u043e\u0439 \u0438 \u0434\u0438\u0437\u0430\u0439\u043d\u043e\u043c \u0438\u043d\u0442\u0435\u0440\u044c\u0435\u0440\u0430, \u0430 \u0441 2009 \u0433\u043e\u0434\u0430 \u043e\u0440\u0433\u0430\u043d\u0438\u0437\u043e\u0432\u0430\u043b \u0441\u0442\u0443\u0434\u0438\u044e \u00abKats.Archi\u00bb, \u0433\u0434\u0435 \u0441\u043e\u0431\u0440\u0430\u043b\u0441\u044f \u0434\u0440\u0443\u0436\u043d\u044b\u0439 \u043a\u043e\u043b\u043b\u0435\u043a\u0442\u0438\u0432 \u0442\u0430\u043b\u0430\u043d\u0442\u043b\u0438\u0432\u044b\u0445 \u0438 \u043f\u0440\u043e\u0444\u0435\u0441\u0441\u0438\u043e\u043d\u0430\u043b\u044c\u043d\u044b\u0445 \u0434\u0438\u0437\u0430\u0439\u043d\u0435\u0440\u043e\u0432. \u0423\u0431\u0435\u0436\u0434\u0435\u043d, \u0447\u0442\u043e \u0443\u0441\u043f\u0435\u0445 \u043f\u0440\u043e\u0435\u043a\u0442\u0430 \u2013 \u043d\u0435 \u0442\u043e\u043b\u044c\u043a\u043e \u0442\u043e\u0447\u043d\u044b\u0435 \u0430\u0440\u0445\u0438\u0442\u0435\u043a\u0442\u0443\u0440\u043d\u044b\u0435 \u043b\u0438\u043d\u0438\u0438 \u0438 \u043e\u0431\u0440\u0430\u0437\u044b, \u043d\u043e \u0438 \u0442\u0435 [&hellip;]\" \/>\n<meta property=\"og:url\" content=\"https:\/\/kats.archi\/uk\/about\/\" \/>\n<meta property=\"og:site_name\" content=\"Arquitecto Alexander Katsymon.\" \/>\n<meta property=\"article:publisher\" content=\"http:\/\/kats.archi\" \/>\n<meta property=\"article:modified_time\" content=\"2021-07-09T13:16:24+00:00\" \/>\n<meta name=\"twitter:card\" content=\"summary_large_image\" \/>\n<script type=\"application\/ld+json\" class=\"yoast-schema-graph\">{\"@context\":\"https:\/\/schema.org\",\"@graph\":[{\"@type\":\"WebPage\",\"@id\":\"https:\/\/kats.archi\/es\/about\/\",\"url\":\"https:\/\/kats.archi\/es\/about\/\",\"name\":\"\u041e \u043d\u0430\u0441 - Arquitecto Alexander Katsymon.\",\"isPartOf\":{\"@id\":\"https:\/\/kats.archi\/#website\"},\"datePublished\":\"2016-09-13T13:16:23+00:00\",\"dateModified\":\"2021-07-09T13:16:24+00:00\",\"breadcrumb\":{\"@id\":\"https:\/\/kats.archi\/es\/about\/#breadcrumb\"},\"inLanguage\":\"uk\",\"potentialAction\":[{\"@type\":\"ReadAction\",\"target\":[\"https:\/\/kats.archi\/es\/about\/\"]}]},{\"@type\":\"BreadcrumbList\",\"@id\":\"https:\/\/kats.archi\/es\/about\/#breadcrumb\",\"itemListElement\":[{\"@type\":\"ListItem\",\"position\":1,\"name\":\"\u0413\u043b\u0430\u0432\u043d\u0430\u044f \u0441\u0442\u0440\u0430\u043d\u0438\u0446\u0430\",\"item\":\"https:\/\/kats.archi\/\"},{\"@type\":\"ListItem\",\"position\":2,\"name\":\"\u041e \u043d\u0430\u0441\"}]},{\"@type\":\"WebSite\",\"@id\":\"https:\/\/kats.archi\/#website\",\"url\":\"https:\/\/kats.archi\/\",\"name\":\"Arquitecto Alexander Katsymon.\",\"description\":\"Llevo unos diecis\u00e9is a\u00f1os dedic\u00e1ndome a la arquitectura y el dise\u00f1o de interiores, y en 2009 fund\u00e9 el estudio \u00abKats-design\u00bb, donde reun\u00ed a un equipo muy unido.\",\"potentialAction\":[{\"@type\":\"SearchAction\",\"target\":{\"@type\":\"EntryPoint\",\"urlTemplate\":\"https:\/\/kats.archi\/?s={search_term_string}\"},\"query-input\":{\"@type\":\"PropertyValueSpecification\",\"valueRequired\":true,\"valueName\":\"search_term_string\"}}],\"inLanguage\":\"uk\"}]}<\/script>\n","yoast_head_json":{"title":"\u041e \u043d\u0430\u0441 - Arquitecto Alexander Katsymon.","robots":{"index":"index","follow":"follow","max-snippet":"max-snippet:-1","max-image-preview":"max-image-preview:large","max-video-preview":"max-video-preview:-1"},"canonical":"https:\/\/kats.archi\/uk\/about\/","og_locale":"uk_UA","og_type":"article","og_title":"\u041e \u043d\u0430\u0441 - Arquitecto Alexander Katsymon.","og_description":"\u0410\u0440\u0445\u0438\u0442\u0435\u043a\u0442\u043e\u0440 \u2013 \u0410\u043b\u0435\u043a\u0441\u0430\u043d\u0434\u0440 \u041a\u0430\u0446\u044b\u043c\u043e\u043d \u0420\u043e\u0434\u0438\u043b\u0441\u044f \u0432 \u041a\u0438\u0435\u0432\u0435 \u0432 1983 \u0433\u043e\u0434\u0443. \u0417\u0430\u043a\u043e\u043d\u0447\u0438\u043b \u041a\u0418\u0421\u0418 (\u041a\u0438\u0435\u0432\u0441\u043a\u0438\u0439 \u0430\u0440\u0445\u0438\u0442\u0435\u043a\u0442\u0443\u0440\u043d\u043e-\u0441\u0442\u0440\u043e\u0438\u0442\u0435\u043b\u044c\u043d\u044b\u0439 \u0443\u043d\u0438\u0432\u0435\u0440\u0441\u0438\u0442\u0435\u0442), \u043a\u0430\u0444\u0435\u0434\u0440\u0430 \u0430\u0440\u0445\u0438\u0442\u0435\u043a\u0442\u0443\u0440\u044b. \u041e\u043a\u043e\u043b\u043e \u0434\u0435\u0441\u044f\u0442\u0438 \u043b\u0435\u0442 \u0437\u0430\u043d\u0438\u043c\u0430\u044e\u0441\u044c \u0430\u0440\u0445\u0438\u0442\u0435\u043a\u0442\u0443\u0440\u043e\u0439 \u0438 \u0434\u0438\u0437\u0430\u0439\u043d\u043e\u043c \u0438\u043d\u0442\u0435\u0440\u044c\u0435\u0440\u0430, \u0430 \u0441 2009 \u0433\u043e\u0434\u0430 \u043e\u0440\u0433\u0430\u043d\u0438\u0437\u043e\u0432\u0430\u043b \u0441\u0442\u0443\u0434\u0438\u044e \u00abKats.Archi\u00bb, \u0433\u0434\u0435 \u0441\u043e\u0431\u0440\u0430\u043b\u0441\u044f \u0434\u0440\u0443\u0436\u043d\u044b\u0439 \u043a\u043e\u043b\u043b\u0435\u043a\u0442\u0438\u0432 \u0442\u0430\u043b\u0430\u043d\u0442\u043b\u0438\u0432\u044b\u0445 \u0438 \u043f\u0440\u043e\u0444\u0435\u0441\u0441\u0438\u043e\u043d\u0430\u043b\u044c\u043d\u044b\u0445 \u0434\u0438\u0437\u0430\u0439\u043d\u0435\u0440\u043e\u0432. \u0423\u0431\u0435\u0436\u0434\u0435\u043d, \u0447\u0442\u043e \u0443\u0441\u043f\u0435\u0445 \u043f\u0440\u043e\u0435\u043a\u0442\u0430 \u2013 \u043d\u0435 \u0442\u043e\u043b\u044c\u043a\u043e \u0442\u043e\u0447\u043d\u044b\u0435 \u0430\u0440\u0445\u0438\u0442\u0435\u043a\u0442\u0443\u0440\u043d\u044b\u0435 \u043b\u0438\u043d\u0438\u0438 \u0438 \u043e\u0431\u0440\u0430\u0437\u044b, \u043d\u043e \u0438 \u0442\u0435 [&hellip;]","og_url":"https:\/\/kats.archi\/uk\/about\/","og_site_name":"Arquitecto Alexander Katsymon.","article_publisher":"http:\/\/kats.archi","article_modified_time":"2021-07-09T13:16:24+00:00","twitter_card":"summary_large_image","schema":{"@context":"https:\/\/schema.org","@graph":[{"@type":"WebPage","@id":"https:\/\/kats.archi\/es\/about\/","url":"https:\/\/kats.archi\/es\/about\/","name":"\u041e \u043d\u0430\u0441 - Arquitecto Alexander Katsymon.","isPartOf":{"@id":"https:\/\/kats.archi\/#website"},"datePublished":"2016-09-13T13:16:23+00:00","dateModified":"2021-07-09T13:16:24+00:00","breadcrumb":{"@id":"https:\/\/kats.archi\/es\/about\/#breadcrumb"},"inLanguage":"uk","potentialAction":[{"@type":"ReadAction","target":["https:\/\/kats.archi\/es\/about\/"]}]},{"@type":"BreadcrumbList","@id":"https:\/\/kats.archi\/es\/about\/#breadcrumb","itemListElement":[{"@type":"ListItem","position":1,"name":"\u0413\u043b\u0430\u0432\u043d\u0430\u044f \u0441\u0442\u0440\u0430\u043d\u0438\u0446\u0430","item":"https:\/\/kats.archi\/"},{"@type":"ListItem","position":2,"name":"\u041e \u043d\u0430\u0441"}]},{"@type":"WebSite","@id":"https:\/\/kats.archi\/#website","url":"https:\/\/kats.archi\/","name":"Arquitecto Alexander Katsymon.","description":"Llevo unos diecis\u00e9is a\u00f1os dedic\u00e1ndome a la arquitectura y el dise\u00f1o de interiores, y en 2009 fund\u00e9 el estudio \u00abKats-design\u00bb, donde reun\u00ed a un equipo muy unido.","potentialAction":[{"@type":"SearchAction","target":{"@type":"EntryPoint","urlTemplate":"https:\/\/kats.archi\/?s={search_term_string}"},"query-input":{"@type":"PropertyValueSpecification","valueRequired":true,"valueName":"search_term_string"}}],"inLanguage":"uk"}]}},"_links":{"self":[{"href":"https:\/\/kats.archi\/uk\/wp-json\/wp\/v2\/pages\/22"}],"collection":[{"href":"https:\/\/kats.archi\/uk\/wp-json\/wp\/v2\/pages"}],"about":[{"href":"https:\/\/kats.archi\/uk\/wp-json\/wp\/v2\/types\/page"}],"author":[{"embeddable":true,"href":"https:\/\/kats.archi\/uk\/wp-json\/wp\/v2\/users\/1"}],"replies":[{"embeddable":true,"href":"https:\/\/kats.archi\/uk\/wp-json\/wp\/v2\/comments?post=22"}],"version-history":[{"count":22,"href":"https:\/\/kats.archi\/uk\/wp-json\/wp\/v2\/pages\/22\/revisions"}],"predecessor-version":[{"id":3694,"href":"https:\/\/kats.archi\/uk\/wp-json\/wp\/v2\/pages\/22\/revisions\/3694"}],"wp:attachment":[{"href":"https:\/\/kats.archi\/uk\/wp-json\/wp\/v2\/media?parent=22"}],"curies":[{"name":"wp","href":"https:\/\/api.w.org\/{rel}","templated":true}]}}